{"id":991,"date":"2023-05-20T10:49:09","date_gmt":"2023-05-20T08:49:09","guid":{"rendered":"https:\/\/www.gaming-gegen-krebs.de\/?page_id=991"},"modified":"2025-06-05T21:53:08","modified_gmt":"2025-06-05T19:53:08","slug":"willkommen","status":"publish","type":"page","link":"https:\/\/www.gaming-gegen-krebs.de\/en\/","title":{"rendered":"Willkommen"},"content":{"rendered":"\n<p><\/p>\n\n\n\n<p><strong>Wir sind Gaming gegen Krebs <\/strong><br><strong>und sind eine Team bestehend aus 8 Mitgliedern.<\/strong><\/p>\n\n\n\n<p><strong>Wem wollen wir helfen?<\/strong><\/p>\n\n\n\n<p>Wir haben es uns zur Aufgabe gemacht Menschen zu helfen die Hilfe dringend brauchen.<br>Wir m\u00f6chten Menschen in schwierigen Lebenssituationen helfen. Patienten die mit Ihrer Diagnose Krebs umgehen m\u00fcssen oder Angeh\u00f6rigen im Kampf gegen den Krebs zu unterst\u00fctzen. <br><br>Einer dieser Wege, Patienten und Angeh\u00f6rige zu  helfen und zu unterst\u00fctzen ist der  Einsatz von hundegest\u00fctzter Therapie. Diese spendet Trost und Mut und hilft in dieser schwerwiegenden Lebenssituation. Da dies ausschlie\u00dflich durch Spenden finanziert wird, versuchen wir dies durch \u201eGaming gegen Krebs zu erm\u00f6glichen.<br><\/p>\n\n\n\n<p><strong><em>Wenn unterst\u00fctzen wir und wo werden die Spenden eingesetzt?<\/em><\/strong><\/p>\n\n\n\n<p><strong>Wir unterst\u00fctzen : <\/strong><br><br><strong>Die Hundegest\u00fctze Therapie von &#8220;Emma hilft&#8221; von Ivana Seger<\/strong><br>Bei folgenden Einsatzorten konnten wir die Hundegest\u00fctzte Therapie mit Spenden jeweils f\u00fcr 1 Jahr sichern:<br><br>B22 Palliativstation der HSK Wiesbaden (Seit 2019)<br>Hospiz in Fl\u00f6rsheim (Seit 2020)<br>Palliativstation des Sana Klinikum Offenbach (Seit 2023)<br><\/p>\n\n\n\n<p><strong>Kinderpsychoonkologie (Beratungsangebot f\u00fcr Familien mit einem krebskranken Elternteil am Uniklinikum W\u00fcrzburg) Kampf gegen den Krebs e.V. <\/strong>\u00fcber Letsplay4Charity (Seit 2023)<\/p>\n\n\n\n<p><\/p>\n\n\n\n<p><strong>Den Verein Tr\u00f6stende Pfoten Therapiebegleithunde f\u00fcr Deutschland e.V<\/strong>.<\/p>\n\n\n\n<p><br>Verwaltet werden unsere Spenden Zweckgebunden durch die jeweiligen gemeinn\u00fctzigen F\u00f6rdervereine \u00fcber Betterplace.<\/p>\n\n\n\n<figure class=\"wp-block-image size-large\"><img loading=\"lazy\" decoding=\"async\" width=\"1024\" height=\"768\" src=\"https:\/\/www.gaming-gegen-krebs.de\/wp-content\/uploads\/2023\/02\/Sissi-und-Helga-HSK-1024x768.jpg\" alt=\"\" class=\"wp-image-1002\" srcset=\"https:\/\/www.gaming-gegen-krebs.de\/wp-content\/uploads\/2023\/02\/Sissi-und-Helga-HSK-1024x768.jpg 1024w, https:\/\/www.gaming-gegen-krebs.de\/wp-content\/uploads\/2023\/02\/Sissi-und-Helga-HSK-300x225.jpg 300w, https:\/\/www.gaming-gegen-krebs.de\/wp-content\/uploads\/2023\/02\/Sissi-und-Helga-HSK-768x576.jpg 768w, https:\/\/www.gaming-gegen-krebs.de\/wp-content\/uploads\/2023\/02\/Sissi-und-Helga-HSK-1536x1152.jpg 1536w, https:\/\/www.gaming-gegen-krebs.de\/wp-content\/uploads\/2023\/02\/Sissi-und-Helga-HSK-1200x900.jpg 1200w, https:\/\/www.gaming-gegen-krebs.de\/wp-content\/uploads\/2023\/02\/Sissi-und-Helga-HSK.jpg 2048w\" sizes=\"auto, (max-width: 1024px) 100vw, 1024px\" \/><figcaption class=\"wp-element-caption\">\u00a9 Ivana Seger &#8221; Emma hilft&#8221;<\/figcaption><\/figure>\n\n\n\n<p><em><strong>Wo konnten wir auch helfen:<\/strong><\/em><br><br><strong>Den Verein Tr\u00f6stende Pfoten Therapiebegleithunde f\u00fcr Deutschland e.V.<\/strong> :<br>2022 -&gt; zusammen mit den Alltagshelden sind sexy ( DANKE)<\/p>\n\n\n\n<p>Wie sammeln wir die Spenden und machen f\u00fcr unsere Aktion aufmerksam?<\/p>\n\n\n\n<p>Jedes Jahr im November sammeln wir mit verschiedenstens Streamern  Spenden f\u00fcr den guten Zweck. Diese werden \u00fcber Twitch oder Youtoube \u00fcbertragen. Aufmerksam machen wir unsere Aktion in verschiedenen Sozialen und Printmedien. Die Streamer stellen das Projekt mit dem Team von Gaming gegen Krebs vor und Zuschauer k\u00f6nnen dann \u00fcber einen Spendenlink  im spenden.<\/p>\n\n\n\n<p>F\u00fcr eine Ausf\u00fchrliche Beschreibung  des Projektes schaut gerne im FAQ nach.<\/p>\n\n\n\n<p>Euer Team von Gaming gegen Krebs<\/p>\n","protected":false},"excerpt":{"rendered":"<p>Wir sind Gaming gegen Krebs und sind eine Team bestehend aus 8 Mitgliedern. Wem wollen wir helfen? Wir haben es uns zur Aufgabe gemacht Menschen zu helfen die Hilfe dringend brauchen.Wir m\u00f6chten Menschen in schwierigen Lebenssituationen helfen. Patienten die mit Ihrer Diagnose Krebs umgehen m\u00fcssen oder Angeh\u00f6rigen im Kampf gegen den Krebs zu unterst\u00fctzen. [&hellip;]<\/p>\n","protected":false},"author":1,"featured_media":0,"parent":0,"menu_order":0,"comment_status":"closed","ping_status":"closed","template":"","meta":{"ngg_post_thumbnail":0,"footnotes":""},"class_list":["post-991","page","type-page","status-publish","hentry","post"],"translation":{"provider":"WPGlobus","version":"3.0.2","language":"en","enabled_languages":["de","en"],"languages":{"de":{"title":true,"content":true,"excerpt":false},"en":{"title":false,"content":false,"excerpt":false}}},"yoast_head":"<!-- This site is optimized with the Yoast SEO plugin v26.6 - https:\/\/yoast.com\/wordpress\/plugins\/seo\/ -->\n<title>Willkommen - Gaming gegen Krebs<\/title>\n<meta name=\"robots\" content=\"index, follow, max-snippet:-1, max-image-preview:large, max-video-preview:-1\" \/>\n<link rel=\"canonical\" href=\"http:\/\/www.gaming-gegen-krebs.de\/\" \/>\n<meta property=\"og:locale\" content=\"en_US\" \/>\n<meta property=\"og:type\" content=\"article\" \/>\n<meta property=\"og:title\" content=\"Willkommen - Gaming gegen Krebs\" \/>\n<meta property=\"og:url\" content=\"http:\/\/www.gaming-gegen-krebs.de\/\" \/>\n<meta property=\"og:site_name\" content=\"Gaming gegen Krebs\" \/>\n<meta property=\"article:publisher\" content=\"https:\/\/www.facebook.com\/GaminggegenKrebs\" \/>\n<meta property=\"article:modified_time\" content=\"2025-06-05T19:53:08+00:00\" \/>\n<meta property=\"og:image\" content=\"https:\/\/www.gaming-gegen-krebs.de\/wp-content\/uploads\/2023\/02\/Sissi-und-Helga-HSK-1024x768.jpg\" \/>\n<meta name=\"twitter:card\" content=\"summary_large_image\" \/>\n<meta name=\"twitter:label1\" content=\"Est. reading time\" \/>\n\t<meta name=\"twitter:data1\" content=\"2 minutes\" \/>\n<script type=\"application\/ld+json\" class=\"yoast-schema-graph\">{\"@context\":\"https:\/\/schema.org\",\"@graph\":[{\"@type\":\"WebPage\",\"@id\":\"http:\/\/www.gaming-gegen-krebs.de\/\",\"url\":\"http:\/\/www.gaming-gegen-krebs.de\/\",\"name\":\"Willkommen - Gaming gegen Krebs\",\"isPartOf\":{\"@id\":\"http:\/\/www.gaming-gegen-krebs.de\/#website\"},\"primaryImageOfPage\":{\"@id\":\"http:\/\/www.gaming-gegen-krebs.de\/#primaryimage\"},\"image\":{\"@id\":\"http:\/\/www.gaming-gegen-krebs.de\/#primaryimage\"},\"thumbnailUrl\":\"https:\/\/www.gaming-gegen-krebs.de\/wp-content\/uploads\/2023\/02\/Sissi-und-Helga-HSK-1024x768.jpg\",\"datePublished\":\"2023-05-20T08:49:09+00:00\",\"dateModified\":\"2025-06-05T19:53:08+00:00\",\"breadcrumb\":{\"@id\":\"http:\/\/www.gaming-gegen-krebs.de\/#breadcrumb\"},\"inLanguage\":\"en-US\",\"potentialAction\":[{\"@type\":\"ReadAction\",\"target\":[\"http:\/\/www.gaming-gegen-krebs.de\/\"]}]},{\"@type\":\"ImageObject\",\"inLanguage\":\"en-US\",\"@id\":\"http:\/\/www.gaming-gegen-krebs.de\/#primaryimage\",\"url\":\"https:\/\/www.gaming-gegen-krebs.de\/wp-content\/uploads\/2023\/02\/Sissi-und-Helga-HSK-1024x768.jpg\",\"contentUrl\":\"https:\/\/www.gaming-gegen-krebs.de\/wp-content\/uploads\/2023\/02\/Sissi-und-Helga-HSK-1024x768.jpg\"},{\"@type\":\"BreadcrumbList\",\"@id\":\"http:\/\/www.gaming-gegen-krebs.de\/#breadcrumb\",\"itemListElement\":[{\"@type\":\"ListItem\",\"position\":1,\"name\":\"Startseite\",\"item\":\"http:\/\/www.gaming-gegen-krebs.de\/\"},{\"@type\":\"ListItem\",\"position\":2,\"name\":\"Willkommen\"}]},{\"@type\":\"WebSite\",\"@id\":\"http:\/\/www.gaming-gegen-krebs.de\/#website\",\"url\":\"http:\/\/www.gaming-gegen-krebs.de\/\",\"name\":\"Gaming gegen Krebs\",\"description\":\"Pfoten f\u00fcr die Seele\",\"publisher\":{\"@id\":\"http:\/\/www.gaming-gegen-krebs.de\/#organization\"},\"potentialAction\":[{\"@type\":\"SearchAction\",\"target\":{\"@type\":\"EntryPoint\",\"urlTemplate\":\"http:\/\/www.gaming-gegen-krebs.de\/?s={search_term_string}\"},\"query-input\":{\"@type\":\"PropertyValueSpecification\",\"valueRequired\":true,\"valueName\":\"search_term_string\"}}],\"inLanguage\":\"en-US\"},{\"@type\":\"Organization\",\"@id\":\"http:\/\/www.gaming-gegen-krebs.de\/#organization\",\"name\":\"Gaming Gegen Krebs\",\"url\":\"http:\/\/www.gaming-gegen-krebs.de\/\",\"logo\":{\"@type\":\"ImageObject\",\"inLanguage\":\"en-US\",\"@id\":\"http:\/\/www.gaming-gegen-krebs.de\/#\/schema\/logo\/image\/\",\"url\":\"https:\/\/www.gaming-gegen-krebs.de\/wp-content\/uploads\/2023\/02\/Gaming_gegen_Krebs_de_charity_2021_background_1920x1080_1.jpg\",\"contentUrl\":\"https:\/\/www.gaming-gegen-krebs.de\/wp-content\/uploads\/2023\/02\/Gaming_gegen_Krebs_de_charity_2021_background_1920x1080_1.jpg\",\"width\":1920,\"height\":1080,\"caption\":\"Gaming Gegen Krebs\"},\"image\":{\"@id\":\"http:\/\/www.gaming-gegen-krebs.de\/#\/schema\/logo\/image\/\"},\"sameAs\":[\"https:\/\/www.facebook.com\/GaminggegenKrebs\"]}]}<\/script>\n<!-- \/ Yoast SEO plugin. -->","yoast_head_json":{"title":"Willkommen - Gaming gegen Krebs","robots":{"index":"index","follow":"follow","max-snippet":"max-snippet:-1","max-image-preview":"max-image-preview:large","max-video-preview":"max-video-preview:-1"},"canonical":"http:\/\/www.gaming-gegen-krebs.de\/","og_locale":"en_US","og_type":"article","og_title":"Willkommen - Gaming gegen Krebs","og_url":"http:\/\/www.gaming-gegen-krebs.de\/","og_site_name":"Gaming gegen Krebs","article_publisher":"https:\/\/www.facebook.com\/GaminggegenKrebs","article_modified_time":"2025-06-05T19:53:08+00:00","og_image":[{"url":"https:\/\/www.gaming-gegen-krebs.de\/wp-content\/uploads\/2023\/02\/Sissi-und-Helga-HSK-1024x768.jpg","type":"","width":"","height":""}],"twitter_card":"summary_large_image","twitter_misc":{"Est. reading time":"2 minutes"},"schema":{"@context":"https:\/\/schema.org","@graph":[{"@type":"WebPage","@id":"http:\/\/www.gaming-gegen-krebs.de\/","url":"http:\/\/www.gaming-gegen-krebs.de\/","name":"Willkommen - Gaming gegen Krebs","isPartOf":{"@id":"http:\/\/www.gaming-gegen-krebs.de\/#website"},"primaryImageOfPage":{"@id":"http:\/\/www.gaming-gegen-krebs.de\/#primaryimage"},"image":{"@id":"http:\/\/www.gaming-gegen-krebs.de\/#primaryimage"},"thumbnailUrl":"https:\/\/www.gaming-gegen-krebs.de\/wp-content\/uploads\/2023\/02\/Sissi-und-Helga-HSK-1024x768.jpg","datePublished":"2023-05-20T08:49:09+00:00","dateModified":"2025-06-05T19:53:08+00:00","breadcrumb":{"@id":"http:\/\/www.gaming-gegen-krebs.de\/#breadcrumb"},"inLanguage":"en-US","potentialAction":[{"@type":"ReadAction","target":["http:\/\/www.gaming-gegen-krebs.de\/"]}]},{"@type":"ImageObject","inLanguage":"en-US","@id":"http:\/\/www.gaming-gegen-krebs.de\/#primaryimage","url":"https:\/\/www.gaming-gegen-krebs.de\/wp-content\/uploads\/2023\/02\/Sissi-und-Helga-HSK-1024x768.jpg","contentUrl":"https:\/\/www.gaming-gegen-krebs.de\/wp-content\/uploads\/2023\/02\/Sissi-und-Helga-HSK-1024x768.jpg"},{"@type":"BreadcrumbList","@id":"http:\/\/www.gaming-gegen-krebs.de\/#breadcrumb","itemListElement":[{"@type":"ListItem","position":1,"name":"Startseite","item":"http:\/\/www.gaming-gegen-krebs.de\/"},{"@type":"ListItem","position":2,"name":"Willkommen"}]},{"@type":"WebSite","@id":"http:\/\/www.gaming-gegen-krebs.de\/#website","url":"http:\/\/www.gaming-gegen-krebs.de\/","name":"Gaming gegen Krebs","description":"Pfoten f\u00fcr die Seele","publisher":{"@id":"http:\/\/www.gaming-gegen-krebs.de\/#organization"},"potentialAction":[{"@type":"SearchAction","target":{"@type":"EntryPoint","urlTemplate":"http:\/\/www.gaming-gegen-krebs.de\/?s={search_term_string}"},"query-input":{"@type":"PropertyValueSpecification","valueRequired":true,"valueName":"search_term_string"}}],"inLanguage":"en-US"},{"@type":"Organization","@id":"http:\/\/www.gaming-gegen-krebs.de\/#organization","name":"Gaming Gegen Krebs","url":"http:\/\/www.gaming-gegen-krebs.de\/","logo":{"@type":"ImageObject","inLanguage":"en-US","@id":"http:\/\/www.gaming-gegen-krebs.de\/#\/schema\/logo\/image\/","url":"https:\/\/www.gaming-gegen-krebs.de\/wp-content\/uploads\/2023\/02\/Gaming_gegen_Krebs_de_charity_2021_background_1920x1080_1.jpg","contentUrl":"https:\/\/www.gaming-gegen-krebs.de\/wp-content\/uploads\/2023\/02\/Gaming_gegen_Krebs_de_charity_2021_background_1920x1080_1.jpg","width":1920,"height":1080,"caption":"Gaming Gegen Krebs"},"image":{"@id":"http:\/\/www.gaming-gegen-krebs.de\/#\/schema\/logo\/image\/"},"sameAs":["https:\/\/www.facebook.com\/GaminggegenKrebs"]}]}},"_links":{"self":[{"href":"https:\/\/www.gaming-gegen-krebs.de\/en\/wp-json\/wp\/v2\/pages\/991","targetHints":{"allow":["GET"]}}],"collection":[{"href":"https:\/\/www.gaming-gegen-krebs.de\/en\/wp-json\/wp\/v2\/pages"}],"about":[{"href":"https:\/\/www.gaming-gegen-krebs.de\/en\/wp-json\/wp\/v2\/types\/page"}],"author":[{"embeddable":true,"href":"https:\/\/www.gaming-gegen-krebs.de\/en\/wp-json\/wp\/v2\/users\/1"}],"replies":[{"embeddable":true,"href":"https:\/\/www.gaming-gegen-krebs.de\/en\/wp-json\/wp\/v2\/comments?post=991"}],"version-history":[{"count":9,"href":"https:\/\/www.gaming-gegen-krebs.de\/en\/wp-json\/wp\/v2\/pages\/991\/revisions"}],"predecessor-version":[{"id":1338,"href":"https:\/\/www.gaming-gegen-krebs.de\/en\/wp-json\/wp\/v2\/pages\/991\/revisions\/1338"}],"wp:attachment":[{"href":"https:\/\/www.gaming-gegen-krebs.de\/en\/wp-json\/wp\/v2\/media?parent=991"}],"curies":[{"name":"wp","href":"https:\/\/api.w.org\/{rel}","templated":true}]}}