{"id":206,"date":"2020-03-31T21:30:24","date_gmt":"2020-03-31T19:30:24","guid":{"rendered":"http:\/\/www.gaming-gegen-krebs.de\/?page_id=206"},"modified":"2023-05-22T12:44:41","modified_gmt":"2023-05-22T10:44:41","slug":"datenschutzerklaerung","status":"publish","type":"page","link":"https:\/\/www.gaming-gegen-krebs.de\/en\/datenschutzerklaerung\/","title":{"rendered":"Datenschutzerkl\u00e4rung"},"content":{"rendered":"\n<p><strong>Datenschutzerkl\u00e4rung<\/strong><\/p>\n\n\n\n<p><strong>Allgemeiner\nHinweis und Pflichtinformationen<\/strong><\/p>\n\n\n\n<p><strong>Benennung\nder verantwortlichen Stelle<\/strong><\/p>\n\n\n\n<p>Die\nverantwortliche Stelle f\u00fcr die Datenverarbeitung auf dieser Website ist:<\/p>\n\n\n\n<p>Michael Emrich<br>Oberndorfer Stra\u00dfe 71<br>64347 Griesheim<\/p>\n\n\n\n<p>Die\nverantwortliche Stelle entscheidet allein oder gemeinsam mit anderen \u00fcber die\nZwecke und Mittel der Verarbeitung von personenbezogenen Daten (z.B. Namen,\nKontaktdaten o. \u00c4.).<\/p>\n\n\n\n<p><strong>Widerruf\nIhrer Einwilligung zur Datenverarbeitung<\/strong><\/p>\n\n\n\n<p>Nur mit\nIhrer ausdr\u00fccklichen Einwilligung sind einige Vorg\u00e4nge der Datenverarbeitung\nm\u00f6glich. Ein Widerruf Ihrer bereits erteilten Einwilligung ist jederzeit\nm\u00f6glich. F\u00fcr den Widerruf gen\u00fcgt eine formlose Mitteilung per E-Mail. Die\nRechtm\u00e4\u00dfigkeit der bis zum Widerruf erfolgten Datenverarbeitung bleibt vom\nWiderruf unber\u00fchrt.<\/p>\n\n\n\n<p><strong>Recht auf\nBeschwerde bei der zust\u00e4ndigen Aufsichtsbeh\u00f6rde<\/strong><\/p>\n\n\n\n<p>Als\nBetroffener steht Ihnen im Falle eines datenschutzrechtlichen Versto\u00dfes ein\nBeschwerderecht bei der zust\u00e4ndigen Aufsichtsbeh\u00f6rde zu. Zust\u00e4ndige\nAufsichtsbeh\u00f6rde bez\u00fcglich datenschutzrechtlicher Fragen ist der\nLandesdatenschutzbeauftragte des Bundeslandes, in dem sich der Sitz unseres\nUnternehmens befindet. Der folgende Link stellt eine Liste der\nDatenschutzbeauftragten sowie deren Kontaktdaten bereit: <a href=\"https:\/\/www.bfdi.bund.de\/DE\/Infothek\/Anschriften_Links\/anschriften_links-node.html\" target=\"_blank\" rel=\"noreferrer noopener\">https:\/\/www.bfdi.bund.de\/DE\/Infothek\/Anschriften_Links\/anschriften_links-node.html<\/a>.<\/p>\n\n\n\n<p><strong>Recht auf\nDaten\u00fcbertragbarkeit<\/strong><\/p>\n\n\n\n<p>Ihnen steht\ndas Recht zu, Daten, die wir auf Grundlage Ihrer Einwilligung oder in Erf\u00fcllung\neines Vertrags automatisiert verarbeiten, an sich oder an Dritte aush\u00e4ndigen zu\nlassen. Die Bereitstellung erfolgt in einem maschinenlesbaren Format. Sofern\nSie die direkte \u00dcbertragung der Daten an einen anderen Verantwortlichen\nverlangen, erfolgt dies nur, soweit es technisch machbar ist.<\/p>\n\n\n\n<p><strong>Recht auf\nAuskunft, Berichtigung, Sperrung, L\u00f6schung<\/strong><\/p>\n\n\n\n<p>Sie haben\njederzeit im Rahmen der geltenden gesetzlichen Bestimmungen das Recht auf\nunentgeltliche Auskunft \u00fcber Ihre gespeicherten personenbezogenen Daten,\nHerkunft der Daten, deren Empf\u00e4nger und den Zweck der Datenverarbeitung und\nggf. ein Recht auf Berichtigung, Sperrung oder L\u00f6schung dieser Daten.\nDiesbez\u00fcglich und auch zu weiteren Fragen zum Thema personenbezogene Daten\nk\u00f6nnen Sie sich jederzeit \u00fcber die im Impressum aufgef\u00fchrten\nKontaktm\u00f6glichkeiten an uns wenden.<\/p>\n\n\n\n<p><strong>SSL- bzw.\nTLS-Verschl\u00fcsselung<\/strong><\/p>\n\n\n\n<p>Aus Sicherheitsgr\u00fcnden\nund zum Schutz der \u00dcbertragung vertraulicher Inhalte, die Sie an uns als\nSeitenbetreiber senden, nutzt unsere Website eine SSL-bzw. TLS-Verschl\u00fcsselung.\nDamit sind Daten, die Sie \u00fcber diese Website \u00fcbermitteln, f\u00fcr Dritte nicht\nmitlesbar. Sie erkennen eine verschl\u00fcsselte Verbindung an der \u201ehttps:\/\/\u201c\nAdresszeile Ihres Browsers und am Schloss-Symbol in der Browserzeile.<\/p>\n\n\n\n<p><strong>Server-Log-Dateien<\/strong><\/p>\n\n\n\n<p>In\nServer-Log-Dateien erhebt und speichert der Provider der Website automatisch\nInformationen, die Ihr Browser automatisch an uns \u00fcbermittelt. Dies sind:<\/p>\n\n\n\n<ul class=\"wp-block-list\">\n<li>Besuchte Seite auf unserer\n     Domain<\/li>\n\n\n\n<li>Datum und Uhrzeit der\n     Serveranfrage<\/li>\n\n\n\n<li>Browsertyp und Browserversion<\/li>\n\n\n\n<li>Verwendetes Betriebssystem<\/li>\n\n\n\n<li>Referrer URL<\/li>\n\n\n\n<li>Hostname des zugreifenden\n     Rechners<\/li>\n\n\n\n<li>IP-Adresse<\/li>\n<\/ul>\n\n\n\n<p>Es findet\nkeine Zusammenf\u00fchrung dieser Daten mit anderen Datenquellen statt. Grundlage\nder Datenverarbeitung bildet Art. 6 Abs. 1 lit. b DSGVO, der die Verarbeitung\nvon Daten zur Erf\u00fcllung eines Vertrags oder vorvertraglicher Ma\u00dfnahmen\ngestattet.<\/p>\n\n\n\n<p><strong>Kontaktformulare<\/strong><\/p>\n\n\n\n<p>Per\nKontaktformular \u00fcbermittelte Daten werden einschlie\u00dflich Ihrer Kontaktdaten\ngespeichert, um Ihre Anfrage bearbeiten zu k\u00f6nnen oder um f\u00fcr Anschlussfragen\nbereitzustehen. Eine Weitergabe dieser Daten findet ohne Ihre Einwilligung\nnicht statt.<\/p>\n\n\n\n<p>Die\nVerarbeitung der in das Kontaktformular eingegebenen Daten erfolgt\nausschlie\u00dflich auf Grundlage Ihrer Einwilligung (Art. 6 Abs. 1 lit. a DSGVO).\nEin Widerruf Ihrer bereits erteilten Einwilligung ist jederzeit m\u00f6glich. F\u00fcr\nden Widerruf gen\u00fcgt eine formlose Mitteilung per E-Mail. Die Rechtm\u00e4\u00dfigkeit der\nbis zum Widerruf erfolgten Datenverarbeitungsvorg\u00e4nge bleibt vom Widerruf\nunber\u00fchrt.<\/p>\n\n\n\n<p>\u00dcber\nKontaktformulare \u00fcbermittelte Daten verbleiben bei uns, bis Sie uns zur\nL\u00f6schung auffordern, Ihre Einwilligung zur Speicherung widerrufen oder keine\nNotwendigkeit der Datenspeicherung mehr besteht. Zwingende gesetzliche\nBestimmungen \u2013 insbesondere Aufbewahrungsfristen \u2013 bleiben unber\u00fchrt.<\/p>\n\n\n\n<p><strong>Speicherdauer\nvon Beitr\u00e4gen und Kommentaren<\/strong><\/p>\n\n\n\n<p>Beitr\u00e4ge und\nKommentare sowie damit in Verbindung stehende Daten, wie beispielsweise\nIP-Adressen, werden gespeichert. Der Inhalt verbleibt auf unserer Website, bis\ner vollst\u00e4ndig gel\u00f6scht wurde oder aus rechtlichen Gr\u00fcnden gel\u00f6scht werden\nmusste.<\/p>\n\n\n\n<p>Die\nSpeicherung der Beitr\u00e4ge und Kommentare erfolgt auf Grundlage Ihrer\nEinwilligung (Art. 6 Abs. 1 lit. a DSGVO). Ein Widerruf Ihrer bereits erteilten\nEinwilligung ist jederzeit m\u00f6glich. F\u00fcr den Widerruf gen\u00fcgt eine formlose\nMitteilung per E-Mail. Die<br>\nRechtm\u00e4\u00dfigkeit bereits erfolgter Datenverarbeitungsvorg\u00e4nge bleibt vom Widerruf\nunber\u00fchrt.<\/p>\n\n\n\n<p><strong>Abonnieren\nvon Kommentaren<\/strong><\/p>\n\n\n\n<p>Sie k\u00f6nnen\nals Nutzer unserer Website nach erfolgter Anmeldung Kommentare abonnieren. Mit\neiner Best\u00e4tigungs-E-Mail pr\u00fcfen wir, ob Sie der Inhaber der angegebenen\nE-Mail-Adresse sind. Sie k\u00f6nnen die Abo-Funktion f\u00fcr Kommentare jederzeit \u00fcber\neinen Link,<br>\nder sich in einer Abo-Mail befindet, abbestellen. Zur Einrichtung des Abonnements\neingegebene Daten werden im Falle der Abmeldung gel\u00f6scht. Sollten diese Daten\nf\u00fcr andere Zwecke und an anderer Stelle an uns \u00fcbermittelt worden sein,\nverbleiben diese<br>\nweiterhin bei uns.<\/p>\n\n\n\n<p><strong>YouTube<\/strong><\/p>\n\n\n\n<p>F\u00fcr\nIntegration und Darstellung von Videoinhalten nutzt unsere Website Plugins von\nYouTube. Anbieter des Videoportals ist die YouTube, LLC, 901 Cherry Ave., San\nBruno, CA 94066, USA.<\/p>\n\n\n\n<p>Bei Aufruf\neiner Seite mit integriertem YouTube-Plugin wird eine Verbindung zu den Servern\nvon YouTube hergestellt. YouTube erf\u00e4hrt hierdurch, welche unserer Seiten Sie\naufgerufen haben.<\/p>\n\n\n\n<p>YouTube kann\nIhr Surfverhalten direkt Ihrem pers\u00f6nlichen Profil zuzuordnen, sollten Sie in\nIhrem YouTube Konto eingeloggt sein. Durch vorheriges Ausloggen haben Sie die\nM\u00f6glichkeit, dies zu unterbinden.<\/p>\n\n\n\n<p>Die Nutzung\nvon YouTube erfolgt im Interesse einer ansprechenden Darstellung unserer\nOnline-Angebote. Dies stellt ein berechtigtes Interesse im Sinne von Art. 6\nAbs. 1 lit. f DSGVO dar.<\/p>\n\n\n\n<p>Einzelheiten\nzum Umgang mit Nutzerdaten finden Sie in der Datenschutzerkl\u00e4rung von YouTube\nunter: <a href=\"https:\/\/www.google.de\/intl\/de\/policies\/privacy\">https:\/\/www.google.de\/intl\/de\/policies\/privacy<\/a>.<\/p>\n\n\n\n<p><strong>Event\nManager<\/strong><\/p>\n\n\n\n<p>Wir nutzen\nGoogle-Services, um Karten bereitzustellen und um bei der Suche nach\nVeranstaltungen Autovervollst\u00e4ndigung anzubieten. Diese sammeln Daten in\n\u00dcbereinstimmung mit Googles <a href=\"https:\/\/policies.google.com\/privacy\">Datenschutzerkl\u00e4rung<\/a>.<\/p>\n\n\n\n<p>Wir\nspeichern die Informationen, die du w\u00e4hrend des Bestellprozesses eingibst, um\ndeine Pl\u00e4tze bei unserer Veranstaltung zu reservieren.<\/p>\n\n\n\n<p>Wir sammeln\nund speichern die Informationen, die du \u00fcber Veranstaltungen (und zugeh\u00f6rige\nOrte) eingibst, wenn du diese auf unserer Website ver\u00f6ffentlichen willst.<\/p>\n\n\n\n<p>Wir benutzen\nCookies, um Informationen w\u00e4hrend des Bestellprozesses und Fehler- und\nErfolgsmeldungen beim Absenden und Verwalten von Veranstaltungen und Orten\ntempor\u00e4r zu speichern.<\/p>\n\n\n\n<p><strong>Cookies<\/strong><\/p>\n\n\n\n<p>Unsere\nWebsite verwendet Cookies. Das sind kleine Textdateien, die Ihr Webbrowser auf\nIhrem Endger\u00e4t speichert. Cookies helfen uns dabei, unser Angebot\nnutzerfreundlicher, effektiver und sicherer zu machen.<\/p>\n\n\n\n<p>Einige Cookies sind \u201cSession-Cookies.\u201d Solche Cookies werden nach Ende Ihrer Browser-Sitzung\nvon selbst gel\u00f6scht. Hingegen bleiben andere Cookies auf Ihrem Endger\u00e4t bestehen,\nbis Sie diese selbst l\u00f6schen. Solche Cookies helfen uns, Sie bei R\u00fcckkehr auf<br>\nunserer Website wiederzuerkennen.<\/p>\n\n\n\n<p>Mit einem\nmodernen Webbrowser k\u00f6nnen Sie das Setzen von Cookies \u00fcberwachen, einschr\u00e4nken\noder unterbinden. Viele Webbrowser lassen sich so konfigurieren, dass Cookies\nmit dem Schlie\u00dfen des Programms von selbst gel\u00f6scht werden. Die Deaktivierung\nvon Cookies<br>\nkann eine eingeschr\u00e4nkte Funktionalit\u00e4t unserer Website zur Folge haben.<\/p>\n\n\n\n<p>Das Setzen\nvon Cookies, die zur Aus\u00fcbung elektronischer Kommunikationsvorg\u00e4nge oder der\nBereitstellung bestimmter, von Ihnen erw\u00fcnschter Funktionen (z.B. Warenkorb)\nnotwendig sind, erfolgt auf Grundlage von Art. 6 Abs. 1 lit. f DSGVO. Als\nBetreiber dieser<br>\nWebsite haben wir ein berechtigtes Interesse an der Speicherung von Cookies zur\ntechnisch fehlerfreien und reibungslosen Bereitstellung unserer Dienste. Sofern\ndie Setzung anderer Cookies (z.B. f\u00fcr Analyse-Funktionen) erfolgt, werden diese\nin dieser<br>\nDatenschutzerkl\u00e4rung separat behandelt.<\/p>\n\n\n\n<p>Quelle:\nDatenschutz-Konfigurator von <a href=\"http:\/\/www.mein-datenschutzbeauftragter.de\" target=\"_blank\" rel=\"noreferrer noopener\">mein-datenschutzbeauftragter.de<\/a><\/p>\n","protected":false},"excerpt":{"rendered":"<p>Datenschutzerkl\u00e4rung Allgemeiner Hinweis und Pflichtinformationen Benennung der verantwortlichen Stelle Die verantwortliche Stelle f\u00fcr die Datenverarbeitung auf dieser Website ist: Michael EmrichOberndorfer Stra\u00dfe 7164347 Griesheim Die verantwortliche Stelle entscheidet allein oder gemeinsam mit anderen \u00fcber die Zwecke und Mittel der Verarbeitung von personenbezogenen Daten (z.B. Namen, Kontaktdaten o. \u00c4.). Widerruf Ihrer Einwilligung zur Datenverarbeitung Nur [&hellip;]<\/p>\n","protected":false},"author":1,"featured_media":0,"parent":0,"menu_order":0,"comment_status":"closed","ping_status":"closed","template":"","meta":{"ngg_post_thumbnail":0,"footnotes":""},"class_list":["post-206","page","type-page","status-publish","hentry","post"],"translation":{"provider":"WPGlobus","version":"3.0.2","language":"en","enabled_languages":["de","en"],"languages":{"de":{"title":true,"content":true,"excerpt":false},"en":{"title":false,"content":false,"excerpt":false}}},"yoast_head":"<!-- This site is optimized with the Yoast SEO plugin v26.6 - https:\/\/yoast.com\/wordpress\/plugins\/seo\/ -->\n<title>Datenschutzerkl\u00e4rung - Gaming gegen Krebs<\/title>\n<meta name=\"robots\" content=\"index, follow, max-snippet:-1, max-image-preview:large, max-video-preview:-1\" \/>\n<link rel=\"canonical\" href=\"https:\/\/www.gaming-gegen-krebs.de\/datenschutzerklaerung\/\" \/>\n<meta property=\"og:locale\" content=\"en_US\" \/>\n<meta property=\"og:type\" content=\"article\" \/>\n<meta property=\"og:title\" content=\"Datenschutzerkl\u00e4rung - Gaming gegen Krebs\" \/>\n<meta property=\"og:url\" content=\"https:\/\/www.gaming-gegen-krebs.de\/datenschutzerklaerung\/\" \/>\n<meta property=\"og:site_name\" content=\"Gaming gegen Krebs\" \/>\n<meta property=\"article:publisher\" content=\"https:\/\/www.facebook.com\/GaminggegenKrebs\" \/>\n<meta property=\"article:modified_time\" content=\"2023-05-22T10:44:41+00:00\" \/>\n<meta name=\"twitter:card\" content=\"summary_large_image\" \/>\n<meta name=\"twitter:label1\" content=\"Est. reading time\" \/>\n\t<meta name=\"twitter:data1\" content=\"6 minutes\" \/>\n<script type=\"application\/ld+json\" class=\"yoast-schema-graph\">{\"@context\":\"https:\/\/schema.org\",\"@graph\":[{\"@type\":\"WebPage\",\"@id\":\"https:\/\/www.gaming-gegen-krebs.de\/datenschutzerklaerung\/\",\"url\":\"https:\/\/www.gaming-gegen-krebs.de\/datenschutzerklaerung\/\",\"name\":\"Datenschutzerkl\u00e4rung - Gaming gegen Krebs\",\"isPartOf\":{\"@id\":\"https:\/\/www.gaming-gegen-krebs.de\/#website\"},\"datePublished\":\"2020-03-31T19:30:24+00:00\",\"dateModified\":\"2023-05-22T10:44:41+00:00\",\"breadcrumb\":{\"@id\":\"https:\/\/www.gaming-gegen-krebs.de\/datenschutzerklaerung\/#breadcrumb\"},\"inLanguage\":\"en-US\",\"potentialAction\":[{\"@type\":\"ReadAction\",\"target\":[\"https:\/\/www.gaming-gegen-krebs.de\/datenschutzerklaerung\/\"]}]},{\"@type\":\"BreadcrumbList\",\"@id\":\"https:\/\/www.gaming-gegen-krebs.de\/datenschutzerklaerung\/#breadcrumb\",\"itemListElement\":[{\"@type\":\"ListItem\",\"position\":1,\"name\":\"Startseite\",\"item\":\"https:\/\/www.gaming-gegen-krebs.de\/\"},{\"@type\":\"ListItem\",\"position\":2,\"name\":\"Datenschutzerkl\u00e4rung\"}]},{\"@type\":\"WebSite\",\"@id\":\"https:\/\/www.gaming-gegen-krebs.de\/#website\",\"url\":\"https:\/\/www.gaming-gegen-krebs.de\/\",\"name\":\"Gaming gegen Krebs\",\"description\":\"Pfoten f\u00fcr die Seele\",\"publisher\":{\"@id\":\"https:\/\/www.gaming-gegen-krebs.de\/#organization\"},\"potentialAction\":[{\"@type\":\"SearchAction\",\"target\":{\"@type\":\"EntryPoint\",\"urlTemplate\":\"https:\/\/www.gaming-gegen-krebs.de\/?s={search_term_string}\"},\"query-input\":{\"@type\":\"PropertyValueSpecification\",\"valueRequired\":true,\"valueName\":\"search_term_string\"}}],\"inLanguage\":\"en-US\"},{\"@type\":\"Organization\",\"@id\":\"https:\/\/www.gaming-gegen-krebs.de\/#organization\",\"name\":\"Gaming Gegen Krebs\",\"url\":\"https:\/\/www.gaming-gegen-krebs.de\/\",\"logo\":{\"@type\":\"ImageObject\",\"inLanguage\":\"en-US\",\"@id\":\"https:\/\/www.gaming-gegen-krebs.de\/#\/schema\/logo\/image\/\",\"url\":\"https:\/\/www.gaming-gegen-krebs.de\/wp-content\/uploads\/2023\/02\/Gaming_gegen_Krebs_de_charity_2021_background_1920x1080_1.jpg\",\"contentUrl\":\"https:\/\/www.gaming-gegen-krebs.de\/wp-content\/uploads\/2023\/02\/Gaming_gegen_Krebs_de_charity_2021_background_1920x1080_1.jpg\",\"width\":1920,\"height\":1080,\"caption\":\"Gaming Gegen Krebs\"},\"image\":{\"@id\":\"https:\/\/www.gaming-gegen-krebs.de\/#\/schema\/logo\/image\/\"},\"sameAs\":[\"https:\/\/www.facebook.com\/GaminggegenKrebs\"]}]}<\/script>\n<!-- \/ Yoast SEO plugin. -->","yoast_head_json":{"title":"Datenschutzerkl\u00e4rung - Gaming gegen Krebs","robots":{"index":"index","follow":"follow","max-snippet":"max-snippet:-1","max-image-preview":"max-image-preview:large","max-video-preview":"max-video-preview:-1"},"canonical":"https:\/\/www.gaming-gegen-krebs.de\/datenschutzerklaerung\/","og_locale":"en_US","og_type":"article","og_title":"Datenschutzerkl\u00e4rung - Gaming gegen Krebs","og_url":"https:\/\/www.gaming-gegen-krebs.de\/datenschutzerklaerung\/","og_site_name":"Gaming gegen Krebs","article_publisher":"https:\/\/www.facebook.com\/GaminggegenKrebs","article_modified_time":"2023-05-22T10:44:41+00:00","twitter_card":"summary_large_image","twitter_misc":{"Est. reading time":"6 minutes"},"schema":{"@context":"https:\/\/schema.org","@graph":[{"@type":"WebPage","@id":"https:\/\/www.gaming-gegen-krebs.de\/datenschutzerklaerung\/","url":"https:\/\/www.gaming-gegen-krebs.de\/datenschutzerklaerung\/","name":"Datenschutzerkl\u00e4rung - Gaming gegen Krebs","isPartOf":{"@id":"https:\/\/www.gaming-gegen-krebs.de\/#website"},"datePublished":"2020-03-31T19:30:24+00:00","dateModified":"2023-05-22T10:44:41+00:00","breadcrumb":{"@id":"https:\/\/www.gaming-gegen-krebs.de\/datenschutzerklaerung\/#breadcrumb"},"inLanguage":"en-US","potentialAction":[{"@type":"ReadAction","target":["https:\/\/www.gaming-gegen-krebs.de\/datenschutzerklaerung\/"]}]},{"@type":"BreadcrumbList","@id":"https:\/\/www.gaming-gegen-krebs.de\/datenschutzerklaerung\/#breadcrumb","itemListElement":[{"@type":"ListItem","position":1,"name":"Startseite","item":"https:\/\/www.gaming-gegen-krebs.de\/"},{"@type":"ListItem","position":2,"name":"Datenschutzerkl\u00e4rung"}]},{"@type":"WebSite","@id":"https:\/\/www.gaming-gegen-krebs.de\/#website","url":"https:\/\/www.gaming-gegen-krebs.de\/","name":"Gaming gegen Krebs","description":"Pfoten f\u00fcr die Seele","publisher":{"@id":"https:\/\/www.gaming-gegen-krebs.de\/#organization"},"potentialAction":[{"@type":"SearchAction","target":{"@type":"EntryPoint","urlTemplate":"https:\/\/www.gaming-gegen-krebs.de\/?s={search_term_string}"},"query-input":{"@type":"PropertyValueSpecification","valueRequired":true,"valueName":"search_term_string"}}],"inLanguage":"en-US"},{"@type":"Organization","@id":"https:\/\/www.gaming-gegen-krebs.de\/#organization","name":"Gaming Gegen Krebs","url":"https:\/\/www.gaming-gegen-krebs.de\/","logo":{"@type":"ImageObject","inLanguage":"en-US","@id":"https:\/\/www.gaming-gegen-krebs.de\/#\/schema\/logo\/image\/","url":"https:\/\/www.gaming-gegen-krebs.de\/wp-content\/uploads\/2023\/02\/Gaming_gegen_Krebs_de_charity_2021_background_1920x1080_1.jpg","contentUrl":"https:\/\/www.gaming-gegen-krebs.de\/wp-content\/uploads\/2023\/02\/Gaming_gegen_Krebs_de_charity_2021_background_1920x1080_1.jpg","width":1920,"height":1080,"caption":"Gaming Gegen Krebs"},"image":{"@id":"https:\/\/www.gaming-gegen-krebs.de\/#\/schema\/logo\/image\/"},"sameAs":["https:\/\/www.facebook.com\/GaminggegenKrebs"]}]}},"_links":{"self":[{"href":"https:\/\/www.gaming-gegen-krebs.de\/en\/wp-json\/wp\/v2\/pages\/206","targetHints":{"allow":["GET"]}}],"collection":[{"href":"https:\/\/www.gaming-gegen-krebs.de\/en\/wp-json\/wp\/v2\/pages"}],"about":[{"href":"https:\/\/www.gaming-gegen-krebs.de\/en\/wp-json\/wp\/v2\/types\/page"}],"author":[{"embeddable":true,"href":"https:\/\/www.gaming-gegen-krebs.de\/en\/wp-json\/wp\/v2\/users\/1"}],"replies":[{"embeddable":true,"href":"https:\/\/www.gaming-gegen-krebs.de\/en\/wp-json\/wp\/v2\/comments?post=206"}],"version-history":[{"count":3,"href":"https:\/\/www.gaming-gegen-krebs.de\/en\/wp-json\/wp\/v2\/pages\/206\/revisions"}],"predecessor-version":[{"id":1045,"href":"https:\/\/www.gaming-gegen-krebs.de\/en\/wp-json\/wp\/v2\/pages\/206\/revisions\/1045"}],"wp:attachment":[{"href":"https:\/\/www.gaming-gegen-krebs.de\/en\/wp-json\/wp\/v2\/media?parent=206"}],"curies":[{"name":"wp","href":"https:\/\/api.w.org\/{rel}","templated":true}]}}