{"id":1408,"date":"2025-12-31T12:52:55","date_gmt":"2025-12-31T11:52:55","guid":{"rendered":"https:\/\/www.gaming-gegen-krebs.de\/?page_id=1408"},"modified":"2025-12-31T12:52:56","modified_gmt":"2025-12-31T11:52:56","slug":"unterstuetzer","status":"publish","type":"page","link":"https:\/\/www.gaming-gegen-krebs.de\/en\/unterstuetzer\/","title":{"rendered":"Unterst\u00fctzer"},"content":{"rendered":"<p>Wir m\u00f6chten uns die Zeit nehmen um, uns bei allen zu Bedanken, welche uns \u00fcber die Jahre unterst\u00fctzt haben.<\/p>\n<p>Streamer die mit uns zusammenarbeiten, Publisher welche unsere Aktion ebenfalls gut finden und uns und den Streamern mit Gimmicks helfen.<\/p>\n<p>Zum Abschluss noch ein gro\u00dfes Dankesch\u00f6n an alle ehemaligen Teammitglieder und ehrenamtlichen Helfer, welcher nicht genannt werden m\u00f6chten.<\/p>\n<p>&nbsp;<\/p>\n<p><a href=\"https:\/\/wargaming.net\" target=\"_blank\" rel=\"noopener\">Wargaming<\/a><\/p>\n<p><a href=\"https:\/\/www.twitch.tv\/seakrauts\" target=\"_blank\" rel=\"noopener\">Seakrauts<\/a><\/p>\n<p><a href=\"https:\/\/www.twitch.tv\/Valliwusel\" target=\"_blank\" rel=\"noopener\">Valliwusel<\/a><\/p>\n<p><a href=\"https:\/\/www.twitch.tv\/ohare83\" target=\"_blank\" rel=\"noopener\">Ohare<\/a><\/p>\n<p><a href=\"https:\/\/www.twitch.tv\/moerp\" target=\"_blank\" rel=\"noopener\">M\u00f6rp<\/a><\/p>\n<p><a href=\"https:\/\/www.twitch.tv\/xairen\" target=\"_blank\" rel=\"noopener\">Xairen<\/a><\/p>\n<p><a href=\"https:\/\/www.twitch.tv\/l4ny_\" target=\"_blank\" rel=\"noopener\">L4ny<\/a><\/p>\n<p><a href=\"https:\/\/www.twitch.tv\/privatepinguin\" target=\"_blank\" rel=\"noopener\">Private Pinguin<\/a><\/p>\n<p><a href=\"https:\/\/www.twitch.tv\/search?term=RacePlaceDE\" target=\"_blank\" rel=\"noopener\">Race Place<\/a><\/p>\n","protected":false},"excerpt":{"rendered":"<p>Wir m\u00f6chten uns die Zeit nehmen um, uns bei allen zu Bedanken, welche uns \u00fcber die Jahre unterst\u00fctzt haben. Streamer die mit uns zusammenarbeiten, Publisher welche unsere Aktion ebenfalls gut finden und uns und den Streamern mit Gimmicks helfen. Zum Abschluss noch ein gro\u00dfes Dankesch\u00f6n an alle ehemaligen Teammitglieder und ehrenamtlichen Helfer, welcher nicht [&hellip;]<\/p>\n","protected":false},"author":1,"featured_media":0,"parent":0,"menu_order":0,"comment_status":"closed","ping_status":"closed","template":"","meta":{"ngg_post_thumbnail":0,"footnotes":""},"class_list":["post-1408","page","type-page","status-publish","hentry","post"],"translation":{"provider":"WPGlobus","version":"3.0.2","language":"en","enabled_languages":["de","en"],"languages":{"de":{"title":true,"content":true,"excerpt":false},"en":{"title":false,"content":false,"excerpt":false}}},"yoast_head":"<!-- This site is optimized with the Yoast SEO plugin v26.6 - https:\/\/yoast.com\/wordpress\/plugins\/seo\/ -->\n<title>Unterst\u00fctzer - Gaming gegen Krebs<\/title>\n<meta name=\"robots\" content=\"index, follow, max-snippet:-1, max-image-preview:large, max-video-preview:-1\" \/>\n<link rel=\"canonical\" href=\"https:\/\/www.gaming-gegen-krebs.de\/unterstuetzer\/\" \/>\n<meta property=\"og:locale\" content=\"en_US\" \/>\n<meta property=\"og:type\" content=\"article\" \/>\n<meta property=\"og:title\" content=\"Unterst\u00fctzer - Gaming gegen Krebs\" \/>\n<meta property=\"og:url\" content=\"https:\/\/www.gaming-gegen-krebs.de\/unterstuetzer\/\" \/>\n<meta property=\"og:site_name\" content=\"Gaming gegen Krebs\" \/>\n<meta property=\"article:publisher\" content=\"https:\/\/www.facebook.com\/GaminggegenKrebs\" \/>\n<meta property=\"article:modified_time\" content=\"2025-12-31T11:52:56+00:00\" \/>\n<meta name=\"twitter:card\" content=\"summary_large_image\" \/>\n<meta name=\"twitter:label1\" content=\"Est. reading time\" \/>\n\t<meta name=\"twitter:data1\" content=\"1 minute\" \/>\n<script type=\"application\/ld+json\" class=\"yoast-schema-graph\">{\"@context\":\"https:\/\/schema.org\",\"@graph\":[{\"@type\":\"WebPage\",\"@id\":\"https:\/\/www.gaming-gegen-krebs.de\/unterstuetzer\/\",\"url\":\"https:\/\/www.gaming-gegen-krebs.de\/unterstuetzer\/\",\"name\":\"Unterst\u00fctzer - Gaming gegen Krebs\",\"isPartOf\":{\"@id\":\"http:\/\/www.gaming-gegen-krebs.de\/#website\"},\"datePublished\":\"2025-12-31T11:52:55+00:00\",\"dateModified\":\"2025-12-31T11:52:56+00:00\",\"breadcrumb\":{\"@id\":\"https:\/\/www.gaming-gegen-krebs.de\/unterstuetzer\/#breadcrumb\"},\"inLanguage\":\"en-US\",\"potentialAction\":[{\"@type\":\"ReadAction\",\"target\":[\"https:\/\/www.gaming-gegen-krebs.de\/unterstuetzer\/\"]}]},{\"@type\":\"BreadcrumbList\",\"@id\":\"https:\/\/www.gaming-gegen-krebs.de\/unterstuetzer\/#breadcrumb\",\"itemListElement\":[{\"@type\":\"ListItem\",\"position\":1,\"name\":\"Startseite\",\"item\":\"http:\/\/www.gaming-gegen-krebs.de\/\"},{\"@type\":\"ListItem\",\"position\":2,\"name\":\"Unterst\u00fctzer\"}]},{\"@type\":\"WebSite\",\"@id\":\"http:\/\/www.gaming-gegen-krebs.de\/#website\",\"url\":\"http:\/\/www.gaming-gegen-krebs.de\/\",\"name\":\"Gaming gegen Krebs\",\"description\":\"Pfoten f\u00fcr die Seele\",\"publisher\":{\"@id\":\"http:\/\/www.gaming-gegen-krebs.de\/#organization\"},\"potentialAction\":[{\"@type\":\"SearchAction\",\"target\":{\"@type\":\"EntryPoint\",\"urlTemplate\":\"http:\/\/www.gaming-gegen-krebs.de\/?s={search_term_string}\"},\"query-input\":{\"@type\":\"PropertyValueSpecification\",\"valueRequired\":true,\"valueName\":\"search_term_string\"}}],\"inLanguage\":\"en-US\"},{\"@type\":\"Organization\",\"@id\":\"http:\/\/www.gaming-gegen-krebs.de\/#organization\",\"name\":\"Gaming Gegen Krebs\",\"url\":\"http:\/\/www.gaming-gegen-krebs.de\/\",\"logo\":{\"@type\":\"ImageObject\",\"inLanguage\":\"en-US\",\"@id\":\"http:\/\/www.gaming-gegen-krebs.de\/#\/schema\/logo\/image\/\",\"url\":\"https:\/\/www.gaming-gegen-krebs.de\/wp-content\/uploads\/2023\/02\/Gaming_gegen_Krebs_de_charity_2021_background_1920x1080_1.jpg\",\"contentUrl\":\"https:\/\/www.gaming-gegen-krebs.de\/wp-content\/uploads\/2023\/02\/Gaming_gegen_Krebs_de_charity_2021_background_1920x1080_1.jpg\",\"width\":1920,\"height\":1080,\"caption\":\"Gaming Gegen Krebs\"},\"image\":{\"@id\":\"http:\/\/www.gaming-gegen-krebs.de\/#\/schema\/logo\/image\/\"},\"sameAs\":[\"https:\/\/www.facebook.com\/GaminggegenKrebs\"]}]}<\/script>\n<!-- \/ Yoast SEO plugin. -->","yoast_head_json":{"title":"Unterst\u00fctzer - Gaming gegen Krebs","robots":{"index":"index","follow":"follow","max-snippet":"max-snippet:-1","max-image-preview":"max-image-preview:large","max-video-preview":"max-video-preview:-1"},"canonical":"https:\/\/www.gaming-gegen-krebs.de\/unterstuetzer\/","og_locale":"en_US","og_type":"article","og_title":"Unterst\u00fctzer - Gaming gegen Krebs","og_url":"https:\/\/www.gaming-gegen-krebs.de\/unterstuetzer\/","og_site_name":"Gaming gegen Krebs","article_publisher":"https:\/\/www.facebook.com\/GaminggegenKrebs","article_modified_time":"2025-12-31T11:52:56+00:00","twitter_card":"summary_large_image","twitter_misc":{"Est. reading time":"1 minute"},"schema":{"@context":"https:\/\/schema.org","@graph":[{"@type":"WebPage","@id":"https:\/\/www.gaming-gegen-krebs.de\/unterstuetzer\/","url":"https:\/\/www.gaming-gegen-krebs.de\/unterstuetzer\/","name":"Unterst\u00fctzer - Gaming gegen Krebs","isPartOf":{"@id":"http:\/\/www.gaming-gegen-krebs.de\/#website"},"datePublished":"2025-12-31T11:52:55+00:00","dateModified":"2025-12-31T11:52:56+00:00","breadcrumb":{"@id":"https:\/\/www.gaming-gegen-krebs.de\/unterstuetzer\/#breadcrumb"},"inLanguage":"en-US","potentialAction":[{"@type":"ReadAction","target":["https:\/\/www.gaming-gegen-krebs.de\/unterstuetzer\/"]}]},{"@type":"BreadcrumbList","@id":"https:\/\/www.gaming-gegen-krebs.de\/unterstuetzer\/#breadcrumb","itemListElement":[{"@type":"ListItem","position":1,"name":"Startseite","item":"http:\/\/www.gaming-gegen-krebs.de\/"},{"@type":"ListItem","position":2,"name":"Unterst\u00fctzer"}]},{"@type":"WebSite","@id":"http:\/\/www.gaming-gegen-krebs.de\/#website","url":"http:\/\/www.gaming-gegen-krebs.de\/","name":"Gaming gegen Krebs","description":"Pfoten f\u00fcr die Seele","publisher":{"@id":"http:\/\/www.gaming-gegen-krebs.de\/#organization"},"potentialAction":[{"@type":"SearchAction","target":{"@type":"EntryPoint","urlTemplate":"http:\/\/www.gaming-gegen-krebs.de\/?s={search_term_string}"},"query-input":{"@type":"PropertyValueSpecification","valueRequired":true,"valueName":"search_term_string"}}],"inLanguage":"en-US"},{"@type":"Organization","@id":"http:\/\/www.gaming-gegen-krebs.de\/#organization","name":"Gaming Gegen Krebs","url":"http:\/\/www.gaming-gegen-krebs.de\/","logo":{"@type":"ImageObject","inLanguage":"en-US","@id":"http:\/\/www.gaming-gegen-krebs.de\/#\/schema\/logo\/image\/","url":"https:\/\/www.gaming-gegen-krebs.de\/wp-content\/uploads\/2023\/02\/Gaming_gegen_Krebs_de_charity_2021_background_1920x1080_1.jpg","contentUrl":"https:\/\/www.gaming-gegen-krebs.de\/wp-content\/uploads\/2023\/02\/Gaming_gegen_Krebs_de_charity_2021_background_1920x1080_1.jpg","width":1920,"height":1080,"caption":"Gaming Gegen Krebs"},"image":{"@id":"http:\/\/www.gaming-gegen-krebs.de\/#\/schema\/logo\/image\/"},"sameAs":["https:\/\/www.facebook.com\/GaminggegenKrebs"]}]}},"_links":{"self":[{"href":"https:\/\/www.gaming-gegen-krebs.de\/en\/wp-json\/wp\/v2\/pages\/1408","targetHints":{"allow":["GET"]}}],"collection":[{"href":"https:\/\/www.gaming-gegen-krebs.de\/en\/wp-json\/wp\/v2\/pages"}],"about":[{"href":"https:\/\/www.gaming-gegen-krebs.de\/en\/wp-json\/wp\/v2\/types\/page"}],"author":[{"embeddable":true,"href":"https:\/\/www.gaming-gegen-krebs.de\/en\/wp-json\/wp\/v2\/users\/1"}],"replies":[{"embeddable":true,"href":"https:\/\/www.gaming-gegen-krebs.de\/en\/wp-json\/wp\/v2\/comments?post=1408"}],"version-history":[{"count":3,"href":"https:\/\/www.gaming-gegen-krebs.de\/en\/wp-json\/wp\/v2\/pages\/1408\/revisions"}],"predecessor-version":[{"id":1413,"href":"https:\/\/www.gaming-gegen-krebs.de\/en\/wp-json\/wp\/v2\/pages\/1408\/revisions\/1413"}],"wp:attachment":[{"href":"https:\/\/www.gaming-gegen-krebs.de\/en\/wp-json\/wp\/v2\/media?parent=1408"}],"curies":[{"name":"wp","href":"https:\/\/api.w.org\/{rel}","templated":true}]}}