{"id":1060,"date":"2023-05-22T15:08:35","date_gmt":"2023-05-22T13:08:35","guid":{"rendered":"https:\/\/www.gaming-gegen-krebs.de\/?page_id=1060"},"modified":"2025-06-04T22:08:41","modified_gmt":"2025-06-04T20:08:41","slug":"team","status":"publish","type":"page","link":"https:\/\/www.gaming-gegen-krebs.de\/en\/team\/","title":{"rendered":""},"content":{"rendered":"<h1>Marco Saeed<\/h1>\n<h4>Initiator des Events<\/h4>\n<p>Als ich acht Jahre alt war, verlor ich meine Mutter an Krebs.<\/p>\n<p>Opas Deutsche Sch\u00e4ferh\u00fcndin Jane war in dieser schweren Zeit immer f\u00fcr mich da und hat mich begleitet. Sie sp\u00fcrte jede Sekunde, wie es mir geht und wusste genau, wann und wo sie sein musste, um f\u00fcr mich und auch f\u00fcr meine Familie da zu sein.<\/p>\n<p>Diese Erfahrung hat mich so sehr gepr\u00e4gt, dass ich mich entschloss, anderen Menschen zu helfen.<\/p>\n<p>Mein Beruf ist meine Berufung: Seit dem Jahr 2010 bin ich im Rettungsdienst t\u00e4tig.<br>Ich bin Notfallsanit\u00e4ter auf der Rettungswache in Nast\u00e4tten.<\/p>\n<p>Doch das reichte mir irgendwann nicht mehr: Ich wollte nicht nur reagieren, sondern auch mich aktiv einsetzen.<\/p>\n<p>Ich wollte den Menschen mit der Diagnose Krebs helfen, die die Hoffnung, den Mut und die Kraft verloren haben.<\/p>\n<p><img loading=\"lazy\" decoding=\"async\" class=\"alignnone wp-image-1074 size-medium\" src=\"http:\/\/www.gaming-gegen-krebs.de\/wp-content\/uploads\/2023\/05\/Marco-225x300.jpg\" alt=\"\" width=\"225\" height=\"300\" srcset=\"https:\/\/www.gaming-gegen-krebs.de\/wp-content\/uploads\/2023\/05\/Marco-225x300.jpg 225w, https:\/\/www.gaming-gegen-krebs.de\/wp-content\/uploads\/2023\/05\/Marco-768x1024.jpg 768w, https:\/\/www.gaming-gegen-krebs.de\/wp-content\/uploads\/2023\/05\/Marco-1152x1536.jpg 1152w, https:\/\/www.gaming-gegen-krebs.de\/wp-content\/uploads\/2023\/05\/Marco-1536x2048.jpg 1536w, https:\/\/www.gaming-gegen-krebs.de\/wp-content\/uploads\/2023\/05\/Marco-scaled.jpg 1920w\" sizes=\"auto, (max-width: 225px) 100vw, 225px\" \/><\/p>\n<p>&nbsp;<\/p>\n<h1>Henry Yeung<\/h1>\n<p>Hallo zusammen,<\/p>\n<p>in World of Tanks bin ich &#8220;Zhenwu&#8221;, ein paar euch kennen mich vielleicht von WG-News.com, wo ich ein paar Jahre als Autor t\u00e4tig war, bevor die Seite geschlossen wurde und auf einem Eikarramba\/WG-News Community Treffen habe ich auch Marco kennengelernt und wir haben uns recht schnell angefreundet, zumal wir auch gar nicht soweit auseinander wohnen und ich war begeistert von seiner Idee. Am Anfang wollte ich eigentlich nur ein &#8220;beratende Funktion&#8221; einnehmen und meine Meinung im Brainstorm dazu abgeben, daraus wurde dann aber letztendlich das englischsprachige &#8220;Aush\u00e4ngeschild&#8221; des Charity Streams, nicht zuletzt deswegen, weil ich seit 2012 mit wenigen Ausnahmen in englischsprechende Clans unterwegs bin. Mittlerweile ist mein Ziel den Charity Stream in der englischsprachigen Community von WoT\/WoWs voranzutreiben.<\/p>\n<p><img loading=\"lazy\" decoding=\"async\" class=\"alignnone size-medium wp-image-216\" src=\"http:\/\/www.gaming-gegen-krebs.de\/wp-content\/uploads\/2020\/03\/1-1-185x300.jpeg\" alt=\"\" width=\"185\" height=\"300\" srcset=\"https:\/\/www.gaming-gegen-krebs.de\/wp-content\/uploads\/2020\/03\/1-1-185x300.jpeg 185w, https:\/\/www.gaming-gegen-krebs.de\/wp-content\/uploads\/2020\/03\/1-1-631x1024.jpeg 631w, https:\/\/www.gaming-gegen-krebs.de\/wp-content\/uploads\/2020\/03\/1-1.jpeg 644w\" sizes=\"auto, (max-width: 185px) 100vw, 185px\" \/><\/p>\n<p>&nbsp;<\/p>\n<h1>Michael Emrich<\/h1>\n<p>Hallo, ich bin Michael. Als Hobbie spiele ich gelegentlich online. Hierbei habe ich den Clan &#8220;Die Eisernen L\u00f6wen&#8221; und deren Gr\u00fcnder Marco kennen gelernt. Er hat mir von der Spendenaktion berichtet. Ich habe ihm angeboten, Domain und Webspace zu stiften um somit das Projekt zu unterst\u00fctzen.<\/p>\n<p><img loading=\"lazy\" decoding=\"async\" class=\"alignnone size-medium wp-image-80\" src=\"http:\/\/www.gaming-gegen-krebs.de\/wp-content\/uploads\/2020\/03\/Michael-IMG_9614-275x300.jpg\" alt=\"\" width=\"275\" height=\"300\" srcset=\"https:\/\/www.gaming-gegen-krebs.de\/wp-content\/uploads\/2020\/03\/Michael-IMG_9614-275x300.jpg 275w, https:\/\/www.gaming-gegen-krebs.de\/wp-content\/uploads\/2020\/03\/Michael-IMG_9614-940x1024.jpg 940w, https:\/\/www.gaming-gegen-krebs.de\/wp-content\/uploads\/2020\/03\/Michael-IMG_9614-768x836.jpg 768w, https:\/\/www.gaming-gegen-krebs.de\/wp-content\/uploads\/2020\/03\/Michael-IMG_9614-1410x1536.jpg 1410w, https:\/\/www.gaming-gegen-krebs.de\/wp-content\/uploads\/2020\/03\/Michael-IMG_9614-1881x2048.jpg 1881w\" sizes=\"auto, (max-width: 275px) 100vw, 275px\" \/><\/p>\n<p>&nbsp;<\/p>\n<h1>Jan Schl\u00fcter<\/h1>\n<p>Moin, ich bin Jan Schl\u00fcter, 38 Jahre alt und Gamer der &#8220;ersten Stunde&#8221; (Doom, Quake, Half-Life, Unreal). Seit ca. einem Jahr geh\u00f6re ich dem Clan &#8220;Die Eisernen L\u00f6wen&#8221; an und unterst\u00fctze hier meinen Clanfreund und auch Berufskollegen Marco. Das Projekt liegt mir sehr am herzen, somit war es selbstverst\u00e4ndlich hier t\u00e4tig im Bereich der Grafiken \/ Fotos t\u00e4tig zu werden.<\/p>\n<p><img loading=\"lazy\" decoding=\"async\" class=\"alignnone size-medium wp-image-225\" src=\"http:\/\/www.gaming-gegen-krebs.de\/wp-content\/uploads\/2020\/03\/Jan-233x300.jpg\" alt=\"\" width=\"233\" height=\"300\" srcset=\"https:\/\/www.gaming-gegen-krebs.de\/wp-content\/uploads\/2020\/03\/Jan-233x300.jpg 233w, https:\/\/www.gaming-gegen-krebs.de\/wp-content\/uploads\/2020\/03\/Jan-797x1024.jpg 797w, https:\/\/www.gaming-gegen-krebs.de\/wp-content\/uploads\/2020\/03\/Jan-768x987.jpg 768w, https:\/\/www.gaming-gegen-krebs.de\/wp-content\/uploads\/2020\/03\/Jan-1195x1536.jpg 1195w, https:\/\/www.gaming-gegen-krebs.de\/wp-content\/uploads\/2020\/03\/Jan-1200x1542.jpg 1200w, https:\/\/www.gaming-gegen-krebs.de\/wp-content\/uploads\/2020\/03\/Jan.jpg 1360w\" sizes=\"auto, (max-width: 233px) 100vw, 233px\" \/><\/p>\n<p>&nbsp;<\/p>\n<h1>Kimberly<\/h1>\n<p>Hall\u00f6chen, ich bin die Kimberly, 22 Jahre alt und ich hab in das Team gefunden durch meinen sehr guten Freund Marco. Ich unterst\u00fctze das Team in Sachen Design und Werbung sowie Social Media. Das Projekt liegt mir sehr am Herzen und ich finde es muss noch mehr Aufmerksamkeit bekommen.<\/p>\n<p><img loading=\"lazy\" decoding=\"async\" class=\"alignnone size-medium wp-image-1007\" src=\"http:\/\/www.gaming-gegen-krebs.de\/wp-content\/uploads\/2023\/03\/Kimberly-225x300.jpg\" alt=\"\" width=\"225\" height=\"300\" srcset=\"https:\/\/www.gaming-gegen-krebs.de\/wp-content\/uploads\/2023\/03\/Kimberly-225x300.jpg 225w, https:\/\/www.gaming-gegen-krebs.de\/wp-content\/uploads\/2023\/03\/Kimberly-768x1024.jpg 768w, https:\/\/www.gaming-gegen-krebs.de\/wp-content\/uploads\/2023\/03\/Kimberly-1152x1536.jpg 1152w, https:\/\/www.gaming-gegen-krebs.de\/wp-content\/uploads\/2023\/03\/Kimberly-1200x1600.jpg 1200w, https:\/\/www.gaming-gegen-krebs.de\/wp-content\/uploads\/2023\/03\/Kimberly.jpg 1536w\" sizes=\"auto, (max-width: 225px) 100vw, 225px\" \/><\/p>\n<p>&nbsp;<\/p>\n<h1>Kevin<\/h1>\n<p>Ei Gude, mein Name ist Kevin aka \u201eKarottenbrot\u201c Als langj\u00e4hriger Bekannter und Arbeitskollege von Marco ist es mir eine Freude bei dem Projekt unterst\u00fctzend mitzuwirken und ab und zu auch mal etwas Gutes zu tun. Ich bin Gamer seit C64 Jahren, also quasi mein ganzes Leben lang, mittlerweile liegt mein Schwerpunkt bei Hell let Loose, jedoch konnte ich der World of Warships nie entfliehen.<\/p>\n\n\n<figure class=\"wp-block-image size-medium\"><img loading=\"lazy\" decoding=\"async\" width=\"225\" height=\"300\" src=\"https:\/\/www.gaming-gegen-krebs.de\/wp-content\/uploads\/2025\/06\/Kevin-225x300.jpg\" alt=\"\" class=\"wp-image-1331\" srcset=\"https:\/\/www.gaming-gegen-krebs.de\/wp-content\/uploads\/2025\/06\/Kevin-225x300.jpg 225w, https:\/\/www.gaming-gegen-krebs.de\/wp-content\/uploads\/2025\/06\/Kevin-769x1024.jpg 769w, https:\/\/www.gaming-gegen-krebs.de\/wp-content\/uploads\/2025\/06\/Kevin-768x1022.jpg 768w, https:\/\/www.gaming-gegen-krebs.de\/wp-content\/uploads\/2025\/06\/Kevin-1154x1536.jpg 1154w, https:\/\/www.gaming-gegen-krebs.de\/wp-content\/uploads\/2025\/06\/Kevin-1539x2048.jpg 1539w, https:\/\/www.gaming-gegen-krebs.de\/wp-content\/uploads\/2025\/06\/Kevin-scaled.jpg 1923w\" sizes=\"auto, (max-width: 225px) 100vw, 225px\" \/><\/figure>\n\n\n\n<p><\/p>\n\n\n\n<h1 class=\"wp-block-heading\">Sandra<\/h1>\n\n\n\n<p>Hall\u00f6le, Ich bin Sandra,32 und die Schwester von Marco. Da uns beide das gleiche Schicksal teilt und wir sehr fr\u00fch unsere Mutter verloren haben, unterst\u00fctze ich sehr gerne das Team Gaming gegen Krebs. Ich wohne seit 2021 in (der sch\u00f6nsten Gro\u00dfstadt) Hamburg. Ich bin Erzieherin von Beruf und arbeite an einer F\u00f6rdeschule mit Kindern die k\u00f6rperlich und motorisch eingeschr\u00e4nkt sind. Da bekomme ich viele Krankheiten der Kinder mit und es ist f\u00fcr mich eine Herzensangelegenheit anderen Menschen die betroffen sind zu unterst\u00fctzen und zu helfen gegen den Kampf mit dem Krebs!<\/p>\n\n\n\n<figure class=\"wp-block-image size-medium\"><img loading=\"lazy\" decoding=\"async\" width=\"226\" height=\"300\" src=\"https:\/\/www.gaming-gegen-krebs.de\/wp-content\/uploads\/2025\/06\/Sandra-226x300.jpg\" alt=\"\" class=\"wp-image-1332\" srcset=\"https:\/\/www.gaming-gegen-krebs.de\/wp-content\/uploads\/2025\/06\/Sandra-226x300.jpg 226w, https:\/\/www.gaming-gegen-krebs.de\/wp-content\/uploads\/2025\/06\/Sandra-770x1024.jpg 770w, https:\/\/www.gaming-gegen-krebs.de\/wp-content\/uploads\/2025\/06\/Sandra-768x1022.jpg 768w, https:\/\/www.gaming-gegen-krebs.de\/wp-content\/uploads\/2025\/06\/Sandra-1155x1536.jpg 1155w, https:\/\/www.gaming-gegen-krebs.de\/wp-content\/uploads\/2025\/06\/Sandra-1540x2048.jpg 1540w, https:\/\/www.gaming-gegen-krebs.de\/wp-content\/uploads\/2025\/06\/Sandra-scaled.jpg 1924w\" sizes=\"auto, (max-width: 226px) 100vw, 226px\" \/><\/figure>\n\n\n\n<p><\/p>\n","protected":false},"excerpt":{"rendered":"<p>Marco Saeed Initiator des Events Als ich acht Jahre alt war, verlor ich meine Mutter an Krebs. Opas Deutsche Sch\u00e4ferh\u00fcndin Jane war in dieser schweren Zeit immer f\u00fcr mich da und hat mich begleitet. Sie sp\u00fcrte jede Sekunde, wie es mir geht und wusste genau, wann und wo sie sein musste, um f\u00fcr mich [&hellip;]<\/p>\n","protected":false},"author":1,"featured_media":0,"parent":0,"menu_order":0,"comment_status":"closed","ping_status":"closed","template":"","meta":{"ngg_post_thumbnail":0,"footnotes":""},"class_list":["post-1060","page","type-page","status-publish","hentry","post"],"translation":{"provider":"WPGlobus","version":"3.0.2","language":"en","enabled_languages":["de","en"],"languages":{"de":{"title":false,"content":true,"excerpt":false},"en":{"title":false,"content":false,"excerpt":false}}},"yoast_head":"<!-- This site is optimized with the Yoast SEO plugin v26.6 - https:\/\/yoast.com\/wordpress\/plugins\/seo\/ -->\n<title>- Gaming gegen Krebs<\/title>\n<meta name=\"robots\" content=\"index, follow, max-snippet:-1, max-image-preview:large, max-video-preview:-1\" \/>\n<link rel=\"canonical\" href=\"https:\/\/www.gaming-gegen-krebs.de\/team\/\" \/>\n<meta property=\"og:locale\" content=\"en_US\" \/>\n<meta property=\"og:type\" content=\"article\" \/>\n<meta property=\"og:title\" content=\"- Gaming gegen Krebs\" \/>\n<meta property=\"og:url\" content=\"https:\/\/www.gaming-gegen-krebs.de\/team\/\" \/>\n<meta property=\"og:site_name\" content=\"Gaming gegen Krebs\" \/>\n<meta property=\"article:publisher\" content=\"https:\/\/www.facebook.com\/GaminggegenKrebs\" \/>\n<meta property=\"article:modified_time\" content=\"2025-06-04T20:08:41+00:00\" \/>\n<meta property=\"og:image\" content=\"https:\/\/www.gaming-gegen-krebs.de\/wp-content\/uploads\/2023\/05\/Marco-scaled.jpg\" \/>\n\t<meta property=\"og:image:width\" content=\"1920\" \/>\n\t<meta property=\"og:image:height\" content=\"2560\" \/>\n\t<meta property=\"og:image:type\" content=\"image\/jpeg\" \/>\n<meta name=\"twitter:card\" content=\"summary_large_image\" \/>\n<meta name=\"twitter:label1\" content=\"Est. reading time\" \/>\n\t<meta name=\"twitter:data1\" content=\"5 minutes\" \/>\n<script type=\"application\/ld+json\" class=\"yoast-schema-graph\">{\"@context\":\"https:\/\/schema.org\",\"@graph\":[{\"@type\":\"WebPage\",\"@id\":\"https:\/\/www.gaming-gegen-krebs.de\/team\/\",\"url\":\"https:\/\/www.gaming-gegen-krebs.de\/team\/\",\"name\":\"- Gaming gegen Krebs\",\"isPartOf\":{\"@id\":\"https:\/\/www.gaming-gegen-krebs.de\/#website\"},\"primaryImageOfPage\":{\"@id\":\"https:\/\/www.gaming-gegen-krebs.de\/team\/#primaryimage\"},\"image\":{\"@id\":\"https:\/\/www.gaming-gegen-krebs.de\/team\/#primaryimage\"},\"thumbnailUrl\":\"http:\/\/www.gaming-gegen-krebs.de\/wp-content\/uploads\/2023\/05\/Marco-225x300.jpg\",\"datePublished\":\"2023-05-22T13:08:35+00:00\",\"dateModified\":\"2025-06-04T20:08:41+00:00\",\"inLanguage\":\"en-US\",\"potentialAction\":[{\"@type\":\"ReadAction\",\"target\":[\"https:\/\/www.gaming-gegen-krebs.de\/team\/\"]}]},{\"@type\":\"ImageObject\",\"inLanguage\":\"en-US\",\"@id\":\"https:\/\/www.gaming-gegen-krebs.de\/team\/#primaryimage\",\"url\":\"http:\/\/www.gaming-gegen-krebs.de\/wp-content\/uploads\/2023\/05\/Marco-225x300.jpg\",\"contentUrl\":\"http:\/\/www.gaming-gegen-krebs.de\/wp-content\/uploads\/2023\/05\/Marco-225x300.jpg\"},{\"@type\":\"WebSite\",\"@id\":\"https:\/\/www.gaming-gegen-krebs.de\/#website\",\"url\":\"https:\/\/www.gaming-gegen-krebs.de\/\",\"name\":\"Gaming gegen Krebs\",\"description\":\"Pfoten f\u00fcr die Seele\",\"publisher\":{\"@id\":\"https:\/\/www.gaming-gegen-krebs.de\/#organization\"},\"potentialAction\":[{\"@type\":\"SearchAction\",\"target\":{\"@type\":\"EntryPoint\",\"urlTemplate\":\"https:\/\/www.gaming-gegen-krebs.de\/?s={search_term_string}\"},\"query-input\":{\"@type\":\"PropertyValueSpecification\",\"valueRequired\":true,\"valueName\":\"search_term_string\"}}],\"inLanguage\":\"en-US\"},{\"@type\":\"Organization\",\"@id\":\"https:\/\/www.gaming-gegen-krebs.de\/#organization\",\"name\":\"Gaming Gegen Krebs\",\"url\":\"https:\/\/www.gaming-gegen-krebs.de\/\",\"logo\":{\"@type\":\"ImageObject\",\"inLanguage\":\"en-US\",\"@id\":\"https:\/\/www.gaming-gegen-krebs.de\/#\/schema\/logo\/image\/\",\"url\":\"https:\/\/www.gaming-gegen-krebs.de\/wp-content\/uploads\/2023\/02\/Gaming_gegen_Krebs_de_charity_2021_background_1920x1080_1.jpg\",\"contentUrl\":\"https:\/\/www.gaming-gegen-krebs.de\/wp-content\/uploads\/2023\/02\/Gaming_gegen_Krebs_de_charity_2021_background_1920x1080_1.jpg\",\"width\":1920,\"height\":1080,\"caption\":\"Gaming Gegen Krebs\"},\"image\":{\"@id\":\"https:\/\/www.gaming-gegen-krebs.de\/#\/schema\/logo\/image\/\"},\"sameAs\":[\"https:\/\/www.facebook.com\/GaminggegenKrebs\"]}]}<\/script>\n<!-- \/ Yoast SEO plugin. -->","yoast_head_json":{"title":"- Gaming gegen Krebs","robots":{"index":"index","follow":"follow","max-snippet":"max-snippet:-1","max-image-preview":"max-image-preview:large","max-video-preview":"max-video-preview:-1"},"canonical":"https:\/\/www.gaming-gegen-krebs.de\/team\/","og_locale":"en_US","og_type":"article","og_title":"- Gaming gegen Krebs","og_url":"https:\/\/www.gaming-gegen-krebs.de\/team\/","og_site_name":"Gaming gegen Krebs","article_publisher":"https:\/\/www.facebook.com\/GaminggegenKrebs","article_modified_time":"2025-06-04T20:08:41+00:00","og_image":[{"width":1920,"height":2560,"url":"https:\/\/www.gaming-gegen-krebs.de\/wp-content\/uploads\/2023\/05\/Marco-scaled.jpg","type":"image\/jpeg"}],"twitter_card":"summary_large_image","twitter_misc":{"Est. reading time":"5 minutes"},"schema":{"@context":"https:\/\/schema.org","@graph":[{"@type":"WebPage","@id":"https:\/\/www.gaming-gegen-krebs.de\/team\/","url":"https:\/\/www.gaming-gegen-krebs.de\/team\/","name":"- Gaming gegen Krebs","isPartOf":{"@id":"https:\/\/www.gaming-gegen-krebs.de\/#website"},"primaryImageOfPage":{"@id":"https:\/\/www.gaming-gegen-krebs.de\/team\/#primaryimage"},"image":{"@id":"https:\/\/www.gaming-gegen-krebs.de\/team\/#primaryimage"},"thumbnailUrl":"http:\/\/www.gaming-gegen-krebs.de\/wp-content\/uploads\/2023\/05\/Marco-225x300.jpg","datePublished":"2023-05-22T13:08:35+00:00","dateModified":"2025-06-04T20:08:41+00:00","inLanguage":"en-US","potentialAction":[{"@type":"ReadAction","target":["https:\/\/www.gaming-gegen-krebs.de\/team\/"]}]},{"@type":"ImageObject","inLanguage":"en-US","@id":"https:\/\/www.gaming-gegen-krebs.de\/team\/#primaryimage","url":"http:\/\/www.gaming-gegen-krebs.de\/wp-content\/uploads\/2023\/05\/Marco-225x300.jpg","contentUrl":"http:\/\/www.gaming-gegen-krebs.de\/wp-content\/uploads\/2023\/05\/Marco-225x300.jpg"},{"@type":"WebSite","@id":"https:\/\/www.gaming-gegen-krebs.de\/#website","url":"https:\/\/www.gaming-gegen-krebs.de\/","name":"Gaming gegen Krebs","description":"Pfoten f\u00fcr die Seele","publisher":{"@id":"https:\/\/www.gaming-gegen-krebs.de\/#organization"},"potentialAction":[{"@type":"SearchAction","target":{"@type":"EntryPoint","urlTemplate":"https:\/\/www.gaming-gegen-krebs.de\/?s={search_term_string}"},"query-input":{"@type":"PropertyValueSpecification","valueRequired":true,"valueName":"search_term_string"}}],"inLanguage":"en-US"},{"@type":"Organization","@id":"https:\/\/www.gaming-gegen-krebs.de\/#organization","name":"Gaming Gegen Krebs","url":"https:\/\/www.gaming-gegen-krebs.de\/","logo":{"@type":"ImageObject","inLanguage":"en-US","@id":"https:\/\/www.gaming-gegen-krebs.de\/#\/schema\/logo\/image\/","url":"https:\/\/www.gaming-gegen-krebs.de\/wp-content\/uploads\/2023\/02\/Gaming_gegen_Krebs_de_charity_2021_background_1920x1080_1.jpg","contentUrl":"https:\/\/www.gaming-gegen-krebs.de\/wp-content\/uploads\/2023\/02\/Gaming_gegen_Krebs_de_charity_2021_background_1920x1080_1.jpg","width":1920,"height":1080,"caption":"Gaming Gegen Krebs"},"image":{"@id":"https:\/\/www.gaming-gegen-krebs.de\/#\/schema\/logo\/image\/"},"sameAs":["https:\/\/www.facebook.com\/GaminggegenKrebs"]}]}},"_links":{"self":[{"href":"https:\/\/www.gaming-gegen-krebs.de\/en\/wp-json\/wp\/v2\/pages\/1060","targetHints":{"allow":["GET"]}}],"collection":[{"href":"https:\/\/www.gaming-gegen-krebs.de\/en\/wp-json\/wp\/v2\/pages"}],"about":[{"href":"https:\/\/www.gaming-gegen-krebs.de\/en\/wp-json\/wp\/v2\/types\/page"}],"author":[{"embeddable":true,"href":"https:\/\/www.gaming-gegen-krebs.de\/en\/wp-json\/wp\/v2\/users\/1"}],"replies":[{"embeddable":true,"href":"https:\/\/www.gaming-gegen-krebs.de\/en\/wp-json\/wp\/v2\/comments?post=1060"}],"version-history":[{"count":6,"href":"https:\/\/www.gaming-gegen-krebs.de\/en\/wp-json\/wp\/v2\/pages\/1060\/revisions"}],"predecessor-version":[{"id":1333,"href":"https:\/\/www.gaming-gegen-krebs.de\/en\/wp-json\/wp\/v2\/pages\/1060\/revisions\/1333"}],"wp:attachment":[{"href":"https:\/\/www.gaming-gegen-krebs.de\/en\/wp-json\/wp\/v2\/media?parent=1060"}],"curies":[{"name":"wp","href":"https:\/\/api.w.org\/{rel}","templated":true}]}}